{"id":3108,"date":"2024-11-05T15:07:00","date_gmt":"2024-11-05T14:07:00","guid":{"rendered":"https:\/\/www.onceuponateam.be\/?page_id=3108"},"modified":"2025-01-01T16:31:39","modified_gmt":"2025-01-01T15:31:39","slug":"league-of-legends","status":"publish","type":"page","link":"https:\/\/www.onceuponateam.be\/?page_id=3108","title":{"rendered":"League of Legends"},"content":{"rendered":"<div data-colibri-id=\"3108-c1\" class=\"style-1194 style-local-3108-c1 position-relative\">\n  <!---->\n  <div data-colibri-component=\"section\" data-colibri-id=\"3108-c2\" id=\"reusable-sections-2\" class=\"h-section h-section-global-spacing d-flex align-items-lg-center align-items-md-center align-items-center style-1198 style-local-3108-c2 position-relative\">\n    <!---->\n    <!---->\n    <div class=\"h-section-grid-container h-section-boxed-container\">\n      <!---->\n      <div data-colibri-id=\"3108-c3\" class=\"h-row-container gutters-row-lg-2 gutters-row-md-2 gutters-row-0 gutters-row-v-lg-2 gutters-row-v-md-2 gutters-row-v-2 style-1227 style-local-3108-c3 position-relative\">\n        <!---->\n        <div class=\"h-row justify-content-lg-center justify-content-md-center justify-content-center align-items-lg-stretch align-items-md-stretch align-items-stretch gutters-col-lg-2 gutters-col-md-2 gutters-col-0 gutters-col-v-lg-2 gutters-col-v-md-2 gutters-col-v-2\">\n          <!---->\n          <div class=\"h-column h-column-container d-flex h-col-lg-auto h-col-md-auto h-col-auto style-1228-outer style-local-3108-c4-outer\">\n            <div data-colibri-id=\"3108-c4\" class=\"d-flex h-flex-basis h-column__inner h-px-lg-2 h-px-md-2 h-px-2 v-inner-lg-2 v-inner-md-2 v-inner-2 style-1228 style-local-3108-c4 position-relative\">\n              <!---->\n              <!---->\n              <div class=\"w-100 h-y-container h-column__content h-column__v-align flex-basis-100 align-self-lg-start align-self-md-start align-self-start\">\n                <!---->\n                <div data-colibri-id=\"3108-c5\" class=\"h-text h-text-component style-1217 style-local-3108-c5 position-relative h-element\">\n                  <!---->\n                  <!---->\n                  <div class=\"\">\n                    <p><span style=\"color: rgb(246, 248, 250); font-family: &quot;Open Sans&quot;; font-size: 16px; font-weight: 400;\">D<\/span><span style=\"color: rgb(246, 248, 250); font-family: inherit; font-size: 16px; font-weight: 400;\">\u00e8s sa cr\u00e9ation, Once Upon A Team (OUAT) avait pour ambition d\u2019organiser des comp\u00e9titions esportives. Participer en tant qu\u2019\u00e9quipe comp\u00e9titive n\u2019\u00e9tait pas dans les projets initiaux. Cependant, un live&nbsp;<\/span>\n                      <strong\n                        style=\"color: rgb(246, 248, 250); font-family: inherit; font-size: 16px; font-weight: 400;\">d\u2019anniversaire<\/strong><span style=\"color: rgb(246, 248, 250); font-family: inherit; font-size: 16px; font-weight: 400;\"> avec des donation goals a chang\u00e9 la donne, marquant le d\u00e9but d\u2019une nouvelle aventure : se lancer dans l\u2019esport belge.<\/span><\/p>\n                    <p><span style=\"color: rgb(246, 248, 250); font-family: inherit; font-size: 16px; font-weight: 400;\">\ufeffLe 16 mars 2022, nous a<\/span><strong style=\"color: rgb(246, 248, 250); font-family: inherit; font-size: 16px; font-weight: 400;\">vons d\u00e9voil\u00e9<\/strong>\n                      <span\n                        style=\"color: rgb(246, 248, 250); font-family: inherit; font-size: 16px; font-weight: 400;\">&nbsp;notre tout premier roster : Axo, Calumma, Alpha Bravo, KyroXx et Diouz. Cette ann\u00e9e inaugurale a \u00e9t\u00e9 marqu\u00e9e par une performance remarquable avec une&nbsp;<\/span><strong style=\"color: rgb(246, 248, 250); font-family: inherit; font-size: 16px;\">3\u1d49 place au Belgian Tour<\/strong>\n                        <span\n                          style=\"color: rgb(246, 248, 250); font-family: inherit; font-size: 16px; font-weight: 400;\">, une comp\u00e9tition de niveau tier 2 dans la r\u00e9gion du Benelux.<\/span>\n                    <\/p>\n                  <\/div>\n                <\/div>\n              <\/div>\n            <\/div>\n          <\/div>\n        <\/div>\n      <\/div>\n      <div data-colibri-id=\"3108-c6\" class=\"h-row-container gutters-row-lg-2 gutters-row-md-2 gutters-row-0 gutters-row-v-lg-2 gutters-row-v-md-2 gutters-row-v-2 style-1282 style-local-3108-c6 position-relative\">\n        <!---->\n        <div class=\"h-row justify-content-lg-center justify-content-md-center justify-content-center align-items-lg-stretch align-items-md-stretch align-items-stretch gutters-col-lg-2 gutters-col-md-2 gutters-col-0 gutters-col-v-lg-2 gutters-col-v-md-2 gutters-col-v-2\">\n          <!---->\n          <div class=\"h-column h-column-container d-flex h-col-lg-auto h-col-md-auto h-col-auto style-1283-outer style-local-3108-c7-outer\">\n            <div data-colibri-id=\"3108-c7\" class=\"d-flex h-flex-basis h-column__inner h-px-lg-2 h-px-md-2 h-px-2 v-inner-lg-2 v-inner-md-2 v-inner-2 style-1283 style-local-3108-c7 position-relative\">\n              <!---->\n              <!---->\n              <div class=\"w-100 h-y-container h-column__content h-column__v-align flex-basis-100 align-self-lg-start align-self-md-start align-self-start\">\n                <!---->\n                <div data-colibri-id=\"3108-c8\" class=\"d-block style-1281 style-local-3108-c8 position-relative h-element\">\n                  <!---->\n                  <div class=\"h-image__frame-container-outer\">\n                    <div class=\"h-image__frame-container\">\n                      <!---->\n                      <!---->\n                      <img loading=\"lazy\" decoding=\"async\" width=\"1920\" height=\"1080\" src=\"http:\/\/www.onceuponateam.be\/wp-content\/uploads\/2024\/12\/image-1-1.png\" class=\"wp-image-4156 style-1281-image style-local-3108-c8-image\" alt=\"\" srcset=\"https:\/\/www.onceuponateam.be\/wp-content\/uploads\/2024\/12\/image-1-1.png 1920w, https:\/\/www.onceuponateam.be\/wp-content\/uploads\/2024\/12\/image-1-1-300x169.png 300w, https:\/\/www.onceuponateam.be\/wp-content\/uploads\/2024\/12\/image-1-1-1024x576.png 1024w, https:\/\/www.onceuponateam.be\/wp-content\/uploads\/2024\/12\/image-1-1-768x432.png 768w, https:\/\/www.onceuponateam.be\/wp-content\/uploads\/2024\/12\/image-1-1-1536x864.png 1536w\" sizes=\"auto, (max-width: 1920px) 100vw, 1920px\" \/>\n                      <div class=\"h-image__frame h-hide-lg h-hide-md h-hide-sm style-1281-frameImage style-local-3108-c8-frameImage\"><\/div>\n                    <\/div>\n                  <\/div>\n                <\/div>\n              <\/div>\n            <\/div>\n          <\/div>\n        <\/div>\n      <\/div>\n      <div data-colibri-id=\"3108-c9\" class=\"h-row-container gutters-row-lg-2 gutters-row-md-2 gutters-row-0 gutters-row-v-lg-2 gutters-row-v-md-2 gutters-row-v-2 style-1290 style-local-3108-c9 position-relative\">\n        <!---->\n        <div class=\"h-row justify-content-lg-center justify-content-md-center justify-content-center align-items-lg-stretch align-items-md-stretch align-items-stretch gutters-col-lg-2 gutters-col-md-2 gutters-col-0 gutters-col-v-lg-2 gutters-col-v-md-2 gutters-col-v-2\">\n          <!---->\n          <div class=\"h-column h-column-container d-flex h-col-lg-auto h-col-md-auto h-col-auto style-1291-outer style-local-3108-c10-outer\">\n            <div data-colibri-id=\"3108-c10\" class=\"d-flex h-flex-basis h-column__inner h-px-lg-2 h-px-md-2 h-px-2 v-inner-lg-2 v-inner-md-2 v-inner-2 style-1291 style-local-3108-c10 position-relative\">\n              <!---->\n              <!---->\n              <div class=\"w-100 h-y-container h-column__content h-column__v-align flex-basis-100 align-self-lg-start align-self-md-start align-self-start\">\n                <!---->\n                <div data-colibri-id=\"3108-c11\" class=\"h-text h-text-component style-1284 style-local-3108-c11 position-relative h-element\">\n                  <!---->\n                  <!---->\n                  <div class=\"\">\n                    <p><span style=\"font-weight: 400; font-size: 16px; font-family: inherit; color: rgb(246, 248, 250);\">En 2023, l\u2019\u00e9cosyst\u00e8me comp\u00e9titif a connu un grand bouleversement avec&nbsp;<\/span><strong style=\"font-size: 16px; font-family: inherit; color: rgb(246, 248, 250);\">la cr\u00e9ation d\u2019une division 2 officielle sous les Elite Series<\/strong>\n                      <span\n                        style=\"font-size: 16px; font-family: inherit; color: rgb(246, 248, 250); font-weight: 400;\">. Gr\u00e2ce \u00e0 nos r\u00e9sultats prometteurs de 2022, nous avons eu la chance d\u2019\u00eatre invit\u00e9s \u00e0 rejoindre cette nouvelle ligue. Ce fut une premi\u00e8re pour OUAT, qui a d\u00fb composer un nouveau roster pour le Spring Split. Malheureusement, malgr\u00e9\n                        de belles rencontres et des joueurs talentueux, les r\u00e9sultats n\u2019ont pas \u00e9t\u00e9 \u00e0 la hauteur de nos attentes.&nbsp;<\/span><strong style=\"font-size: 16px; font-family: inherit; color: rgb(246, 248, 250);\">Que ce soit lors du Spring Split ou du Summer Split, nous avons termin\u00e9 en derni\u00e8re et avant-derni\u00e8re position<\/strong>\n                        <span\n                          style=\"font-size: 16px; font-family: inherit; color: rgb(246, 248, 250); font-weight: 400;\">.<\/span>\n                    <\/p>\n                  <\/div>\n                <\/div>\n              <\/div>\n            <\/div>\n          <\/div>\n        <\/div>\n      <\/div>\n      <div data-colibri-id=\"3108-c12\" class=\"h-row-container gutters-row-lg-0 gutters-row-md-0 gutters-row-0 gutters-row-v-lg-0 gutters-row-v-md-0 gutters-row-v-0 style-1202 style-local-3108-c12 position-relative\">\n        <!---->\n        <div class=\"h-row justify-content-lg-center justify-content-md-center justify-content-center align-items-lg-center align-items-md-center align-items-center gutters-col-lg-0 gutters-col-md-0 gutters-col-0 gutters-col-v-lg-0 gutters-col-v-md-0 gutters-col-v-0\">\n          <!---->\n          <div class=\"h-column h-column-container d-flex h-col-lg-auto h-col-md-auto h-col-auto align-self-lg-center align-self-md-center align-self-center style-1203-outer style-local-3108-c13-outer\">\n            <div data-colibri-id=\"3108-c13\" class=\"d-flex h-flex-basis h-column__inner h-px-lg-1 h-px-md-1 h-px-1 v-inner-lg-1 v-inner-md-1 v-inner-1 style-1203 style-local-3108-c13 position-relative\">\n              <!---->\n              <!---->\n              <div class=\"w-100 h-y-container h-column__content h-column__v-align flex-basis-100 align-self-lg-start align-self-md-start align-self-start\">\n                <!---->\n                <div data-colibri-id=\"3108-c14\" class=\"d-block style-1287 style-local-3108-c14 position-relative h-element\">\n                  <!---->\n                  <div class=\"h-image__frame-container-outer\">\n                    <div class=\"h-image__frame-container\">\n                      <!---->\n                      <!---->\n                      <img loading=\"lazy\" decoding=\"async\" width=\"1300\" height=\"768\" src=\"http:\/\/www.onceuponateam.be\/wp-content\/uploads\/2023\/02\/Ouat_Div2_Roaster_2023_Visuel_Final-1.png\" class=\"wp-image-1170 style-1287-image style-local-3108-c14-image\" alt=\"\" srcset=\"https:\/\/www.onceuponateam.be\/wp-content\/uploads\/2023\/02\/Ouat_Div2_Roaster_2023_Visuel_Final-1.png 1300w, https:\/\/www.onceuponateam.be\/wp-content\/uploads\/2023\/02\/Ouat_Div2_Roaster_2023_Visuel_Final-1-300x177.png 300w, https:\/\/www.onceuponateam.be\/wp-content\/uploads\/2023\/02\/Ouat_Div2_Roaster_2023_Visuel_Final-1-1024x605.png 1024w, https:\/\/www.onceuponateam.be\/wp-content\/uploads\/2023\/02\/Ouat_Div2_Roaster_2023_Visuel_Final-1-768x454.png 768w\" sizes=\"auto, (max-width: 1300px) 100vw, 1300px\" \/>\n                      <div class=\"h-image__frame h-hide-lg h-hide-md h-hide-sm style-1287-frameImage style-local-3108-c14-frameImage\"><\/div>\n                    <\/div>\n                  <\/div>\n                <\/div>\n              <\/div>\n            <\/div>\n          <\/div>\n        <\/div>\n      <\/div>\n      <div data-colibri-id=\"3108-c15\" class=\"h-row-container gutters-row-lg-2 gutters-row-md-2 gutters-row-0 gutters-row-v-lg-2 gutters-row-v-md-2 gutters-row-v-2 style-1303 style-local-3108-c15 position-relative\">\n        <!---->\n        <div class=\"h-row justify-content-lg-center justify-content-md-center justify-content-center align-items-lg-stretch align-items-md-stretch align-items-stretch gutters-col-lg-2 gutters-col-md-2 gutters-col-0 gutters-col-v-lg-2 gutters-col-v-md-2 gutters-col-v-2\">\n          <!---->\n          <div class=\"h-column h-column-container d-flex h-col-lg-auto h-col-md-auto h-col-auto style-1304-outer style-local-3108-c16-outer\">\n            <div data-colibri-id=\"3108-c16\" class=\"d-flex h-flex-basis h-column__inner h-px-lg-2 h-px-md-2 h-px-2 v-inner-lg-2 v-inner-md-2 v-inner-2 style-1304 style-local-3108-c16 position-relative\">\n              <!---->\n              <!---->\n              <div class=\"w-100 h-y-container h-column__content h-column__v-align flex-basis-100 align-self-lg-start align-self-md-start align-self-start\">\n                <!---->\n                <div data-colibri-id=\"3108-c17\" class=\"d-block style-1289 style-local-3108-c17 position-relative h-element\">\n                  <!---->\n                  <div class=\"h-image__frame-container-outer\">\n                    <div class=\"h-image__frame-container\">\n                      <!---->\n                      <!---->\n                      <img loading=\"lazy\" decoding=\"async\" width=\"941\" height=\"529\" src=\"http:\/\/www.onceuponateam.be\/wp-content\/uploads\/2023\/06\/JOUEURS-ConvertImage.png\" class=\"wp-image-1847 style-1289-image style-local-3108-c17-image\" alt=\"\" srcset=\"https:\/\/www.onceuponateam.be\/wp-content\/uploads\/2023\/06\/JOUEURS-ConvertImage.png 941w, https:\/\/www.onceuponateam.be\/wp-content\/uploads\/2023\/06\/JOUEURS-ConvertImage-300x169.png 300w, https:\/\/www.onceuponateam.be\/wp-content\/uploads\/2023\/06\/JOUEURS-ConvertImage-768x432.png 768w\" sizes=\"auto, (max-width: 941px) 100vw, 941px\" \/>\n                      <div class=\"h-image__frame h-hide-lg h-hide-md h-hide-sm style-1289-frameImage style-local-3108-c17-frameImage\"><\/div>\n                    <\/div>\n                  <\/div>\n                <\/div>\n              <\/div>\n            <\/div>\n          <\/div>\n        <\/div>\n      <\/div>\n      <div data-colibri-id=\"3108-c18\" class=\"h-row-container gutters-row-lg-2 gutters-row-md-2 gutters-row-0 gutters-row-v-lg-2 gutters-row-v-md-2 gutters-row-v-2 style-1279 style-local-3108-c18 position-relative\">\n        <!---->\n        <div class=\"h-row justify-content-lg-center justify-content-md-center justify-content-center align-items-lg-stretch align-items-md-stretch align-items-stretch gutters-col-lg-2 gutters-col-md-2 gutters-col-0 gutters-col-v-lg-2 gutters-col-v-md-2 gutters-col-v-2\">\n          <!---->\n          <div class=\"h-column h-column-container d-flex h-col-lg-auto h-col-md-auto h-col-auto style-1280-outer style-local-3108-c19-outer\">\n            <div data-colibri-id=\"3108-c19\" class=\"d-flex h-flex-basis h-column__inner h-px-lg-2 h-px-md-2 h-px-2 v-inner-lg-2 v-inner-md-2 v-inner-2 style-1280 style-local-3108-c19 position-relative\">\n              <!---->\n              <!---->\n              <div class=\"w-100 h-y-container h-column__content h-column__v-align flex-basis-100 align-self-lg-start align-self-md-start align-self-start\">\n                <!---->\n                <div data-colibri-id=\"3108-c20\" class=\"h-text h-text-component style-1204 style-local-3108-c20 position-relative h-element\">\n                  <!---->\n                  <!---->\n                  <div class=\"\">\n                    <p><span style=\"font-size: 16px; font-family: inherit;\">Cependant, ces r\u00e9sultats mitig\u00e9s n\u2019ont pas frein\u00e9 notre ambition. Nous sommes particuli\u00e8rement fiers des annonces autour de nos rosters et de la communication que nous avons su d\u00e9velopper pour renforcer l\u2019identit\u00e9 de notre club. Et justement, en fin d\u2019ann\u00e9e 2023, notre investissement dans la r\u00e9gion a port\u00e9 ses fruits. Gr\u00e2ce \u00e0 notre communication proactive et \u00e0 la diffusion de l\u2019int\u00e9gralit\u00e9 de la division 2 sur notre cha\u00eene Twitch, nous avons re\u00e7u une incroyable invitation : <\/span>\n                      <strong\n                        style=\"font-size: 16px; font-family: inherit;\">int\u00e9grer la division 1 des Elite Series<\/strong><span style=\"font-size: 16px; font-family: inherit;\"> ! Oui, vous ne r\u00eavez pas : malgr\u00e9 des performances sportives d\u00e9cevantes, la ligue a choisi de nous faire confiance pour repr\u00e9senter le haut niveau.<\/span><\/p>\n                    <p><strong style=\"font-size: 16px; font-family: inherit;\">2024 a marqu\u00e9 une v\u00e9ritable entr\u00e9e dans le monde semi-professionnel pour OUAT<\/strong><span style=\"font-size: 16px; font-family: inherit;\"> : Media Days, interviews, bootcamps, salaires pour les joueurs\u2026 Cette ann\u00e9e a \u00e9t\u00e9 exceptionnelle et nous a ouvert les portes d\u2019un univers totalement nouveau. Certes, les r\u00e9sultats comp\u00e9titifs ne sont pas encore au rendez-vous, mais nous avan\u00e7ons \u00e0 notre rythme. <\/span><\/p>\n                    <p><span style=\"font-size: 16px; font-family: inherit;\">Notre objectif est clair : b\u00e2tir un projet sain, bienveillant et durable. Nous nous concentrons sur le d\u00e9veloppement de nos joueurs et la cr\u00e9ation d\u2019une structure solide qui nous permettra, \u00e0 nous comme \u00e0 nos futurs talents, d\u2019accomplir de grandes choses dans les ann\u00e9es \u00e0 venir.<\/span><\/p>\n                  <\/div>\n                <\/div>\n              <\/div>\n            <\/div>\n          <\/div>\n        <\/div>\n      <\/div>\n      <div data-colibri-id=\"3108-c21\" class=\"h-row-container gutters-row-lg-0 gutters-row-md-0 gutters-row-0 gutters-row-v-lg-0 gutters-row-v-md-0 gutters-row-v-0 style-1298 style-local-3108-c21 position-relative\">\n        <!---->\n        <div class=\"h-row justify-content-lg-center justify-content-md-center justify-content-center align-items-lg-center align-items-md-center align-items-center gutters-col-lg-0 gutters-col-md-0 gutters-col-0 gutters-col-v-lg-0 gutters-col-v-md-0 gutters-col-v-0\">\n          <!---->\n          <div class=\"h-column h-column-container d-flex h-col-lg-auto h-col-md-auto h-col-auto align-self-lg-center align-self-md-center align-self-center style-1299-outer style-local-3108-c22-outer\">\n            <div data-colibri-id=\"3108-c22\" class=\"d-flex h-flex-basis h-column__inner h-px-lg-0 h-px-md-0 h-px-0 v-inner-lg-0 v-inner-md-0 v-inner-0 style-1299 style-local-3108-c22 position-relative\">\n              <!---->\n              <!---->\n              <div class=\"w-100 h-y-container h-column__content h-column__v-align flex-basis-100 align-self-lg-start align-self-md-start align-self-start\">\n                <!---->\n                <div data-colibri-id=\"3108-c23\" class=\"d-block style-1292 style-local-3108-c23 position-relative h-element\">\n                  <!---->\n                  <div class=\"h-image__frame-container-outer\">\n                    <div class=\"h-image__frame-container\">\n                      <!---->\n                      <!---->\n                      <img loading=\"lazy\" decoding=\"async\" width=\"2048\" height=\"1080\" src=\"http:\/\/www.onceuponateam.be\/wp-content\/uploads\/2024\/10\/OUAT_2K24_Poster_169.jpg\" class=\"wp-image-3066 style-1292-image style-local-3108-c23-image\" alt=\"\" srcset=\"https:\/\/www.onceuponateam.be\/wp-content\/uploads\/2024\/10\/OUAT_2K24_Poster_169.jpg 2048w, https:\/\/www.onceuponateam.be\/wp-content\/uploads\/2024\/10\/OUAT_2K24_Poster_169-300x158.jpg 300w, https:\/\/www.onceuponateam.be\/wp-content\/uploads\/2024\/10\/OUAT_2K24_Poster_169-1024x540.jpg 1024w, https:\/\/www.onceuponateam.be\/wp-content\/uploads\/2024\/10\/OUAT_2K24_Poster_169-768x405.jpg 768w, https:\/\/www.onceuponateam.be\/wp-content\/uploads\/2024\/10\/OUAT_2K24_Poster_169-1536x810.jpg 1536w\" sizes=\"auto, (max-width: 2048px) 100vw, 2048px\" \/>\n                      <div class=\"h-image__frame h-hide-lg h-hide-md h-hide-sm style-1292-frameImage style-local-3108-c23-frameImage\"><\/div>\n                    <\/div>\n                  <\/div>\n                <\/div>\n              <\/div>\n            <\/div>\n          <\/div>\n        <\/div>\n      <\/div>\n      <div data-colibri-id=\"3108-c24\" class=\"h-row-container gutters-row-lg-2 gutters-row-md-2 gutters-row-0 gutters-row-v-lg-2 gutters-row-v-md-2 gutters-row-v-2 style-1305 style-local-3108-c24 position-relative\">\n        <!---->\n        <div class=\"h-row justify-content-lg-center justify-content-md-center justify-content-center align-items-lg-stretch align-items-md-stretch align-items-stretch gutters-col-lg-2 gutters-col-md-2 gutters-col-0 gutters-col-v-lg-2 gutters-col-v-md-2 gutters-col-v-2\">\n          <!---->\n          <div class=\"h-column h-column-container d-flex h-col-lg-auto h-col-md-auto h-col-auto style-1306-outer style-local-3108-c25-outer\">\n            <div data-colibri-id=\"3108-c25\" class=\"d-flex h-flex-basis h-column__inner h-px-lg-2 h-px-md-2 h-px-2 v-inner-lg-2 v-inner-md-2 v-inner-2 style-1306 style-local-3108-c25 position-relative\">\n              <!---->\n              <!---->\n              <div class=\"w-100 h-y-container h-column__content h-column__v-align flex-basis-100 align-self-lg-start align-self-md-start align-self-start\">\n                <!---->\n                <div data-colibri-id=\"3108-c26\" class=\"d-block style-1297 style-local-3108-c26 position-relative h-element\">\n                  <!---->\n                  <div class=\"h-image__frame-container-outer\">\n                    <div class=\"h-image__frame-container\">\n                      <!---->\n                      <!---->\n                      <img loading=\"lazy\" decoding=\"async\" width=\"1920\" height=\"1080\" src=\"http:\/\/www.onceuponateam.be\/wp-content\/uploads\/2024\/12\/5-1.png\" class=\"wp-image-4157 style-1297-image style-local-3108-c26-image\" alt=\"\" srcset=\"https:\/\/www.onceuponateam.be\/wp-content\/uploads\/2024\/12\/5-1.png 1920w, https:\/\/www.onceuponateam.be\/wp-content\/uploads\/2024\/12\/5-1-300x169.png 300w, https:\/\/www.onceuponateam.be\/wp-content\/uploads\/2024\/12\/5-1-1024x576.png 1024w, https:\/\/www.onceuponateam.be\/wp-content\/uploads\/2024\/12\/5-1-768x432.png 768w, https:\/\/www.onceuponateam.be\/wp-content\/uploads\/2024\/12\/5-1-1536x864.png 1536w\" sizes=\"auto, (max-width: 1920px) 100vw, 1920px\" \/>\n                      <div class=\"h-image__frame h-hide-lg h-hide-md h-hide-sm style-1297-frameImage style-local-3108-c26-frameImage\"><\/div>\n                    <\/div>\n                  <\/div>\n                <\/div>\n              <\/div>\n            <\/div>\n          <\/div>\n        <\/div>\n      <\/div>\n    <\/div>\n  <\/div>\n<\/div>","protected":false},"excerpt":{"rendered":"<p>D\u00e8s sa cr\u00e9ation, Once Upon A Team (OUAT) avait pour ambition d\u2019organiser des comp\u00e9titions esportives. Participer en tant qu\u2019\u00e9quipe comp\u00e9titive n\u2019\u00e9tait pas dans les projets initiaux. Cependant, un live&nbsp; d\u2019anniversaire avec des donation goals a chang\u00e9 la donne, marquant le d\u00e9but d\u2019une nouvelle aventure : se lancer dans l\u2019esport belge. \ufeffLe 16 mars 2022, nous [&hellip;]<\/p>\n","protected":false},"author":1,"featured_media":0,"parent":0,"menu_order":0,"comment_status":"closed","ping_status":"closed","template":"page-templates\/full-width-page.php","meta":{"_uag_custom_page_level_css":"","_themeisle_gutenberg_block_has_review":false,"footnotes":""},"class_list":["post-3108","page","type-page","status-publish","hentry"],"uagb_featured_image_src":{"full":false,"thumbnail":false,"medium":false,"medium_large":false,"large":false,"1536x1536":false,"2048x2048":false},"uagb_author_info":{"display_name":"Kissah","author_link":"https:\/\/www.onceuponateam.be\/?author=1"},"uagb_comment_info":0,"uagb_excerpt":"D\u00e8s sa cr\u00e9ation, Once Upon A Team (OUAT) avait pour ambition d\u2019organiser des comp\u00e9titions esportives. Participer en tant qu\u2019\u00e9quipe comp\u00e9titive n\u2019\u00e9tait pas dans les projets initiaux. Cependant, un live&nbsp; d\u2019anniversaire avec des donation goals a chang\u00e9 la donne, marquant le d\u00e9but d\u2019une nouvelle aventure : se lancer dans l\u2019esport belge. \ufeffLe 16 mars 2022, nous\u2026","_links":{"self":[{"href":"https:\/\/www.onceuponateam.be\/index.php?rest_route=\/wp\/v2\/pages\/3108","targetHints":{"allow":["GET"]}}],"collection":[{"href":"https:\/\/www.onceuponateam.be\/index.php?rest_route=\/wp\/v2\/pages"}],"about":[{"href":"https:\/\/www.onceuponateam.be\/index.php?rest_route=\/wp\/v2\/types\/page"}],"author":[{"embeddable":true,"href":"https:\/\/www.onceuponateam.be\/index.php?rest_route=\/wp\/v2\/users\/1"}],"replies":[{"embeddable":true,"href":"https:\/\/www.onceuponateam.be\/index.php?rest_route=%2Fwp%2Fv2%2Fcomments&post=3108"}],"version-history":[{"count":10,"href":"https:\/\/www.onceuponateam.be\/index.php?rest_route=\/wp\/v2\/pages\/3108\/revisions"}],"predecessor-version":[{"id":4617,"href":"https:\/\/www.onceuponateam.be\/index.php?rest_route=\/wp\/v2\/pages\/3108\/revisions\/4617"}],"wp:attachment":[{"href":"https:\/\/www.onceuponateam.be\/index.php?rest_route=%2Fwp%2Fv2%2Fmedia&parent=3108"}],"curies":[{"name":"wp","href":"https:\/\/api.w.org\/{rel}","templated":true}]}}