{"id":3109,"date":"2024-11-05T15:07:00","date_gmt":"2024-11-05T14:07:00","guid":{"rendered":"https:\/\/www.onceuponateam.be\/?page_id=3109"},"modified":"2025-01-01T16:35:11","modified_gmt":"2025-01-01T15:35:11","slug":"tft","status":"publish","type":"page","link":"https:\/\/www.onceuponateam.be\/?page_id=3109","title":{"rendered":"TFT"},"content":{"rendered":"<div data-colibri-id=\"3109-c1\" class=\"style-1231 style-local-3109-c1 position-relative\">\n  <!---->\n  <div data-colibri-component=\"section\" data-colibri-id=\"3109-c2\" id=\"reusable-sections-2\" class=\"h-section h-section-global-spacing d-flex align-items-lg-center align-items-md-center align-items-center style-1236 style-local-3109-c2 position-relative\">\n    <!---->\n    <!---->\n    <div class=\"h-section-grid-container h-section-boxed-container\">\n      <div data-colibri-id=\"3109-c6\" class=\"h-row-container gutters-row-lg-2 gutters-row-md-2 gutters-row-2 gutters-row-v-lg-2 gutters-row-v-md-2 gutters-row-v-2 style-1243 style-local-3109-c6 position-relative\">\n        <!---->\n        <div class=\"h-row justify-content-lg-center justify-content-md-center justify-content-center align-items-lg-stretch align-items-md-stretch align-items-stretch gutters-col-lg-2 gutters-col-md-2 gutters-col-2 gutters-col-v-lg-2 gutters-col-v-md-2 gutters-col-v-2\">\n          <!---->\n          <div class=\"h-column h-column-container d-flex h-col-lg-auto h-col-md-auto h-col-auto style-1244-outer style-local-3109-c7-outer\">\n            <div data-colibri-id=\"3109-c7\" class=\"d-flex h-flex-basis h-column__inner h-px-lg-2 h-px-md-2 h-px-0 v-inner-lg-2 v-inner-md-2 v-inner-0 style-1244 style-local-3109-c7 position-relative\">\n              <!---->\n              <!---->\n              <div class=\"w-100 h-y-container h-column__content h-column__v-align flex-basis-100 align-self-lg-start align-self-md-start align-self-start\">\n                <!---->\n                <div data-colibri-id=\"3109-c8\" class=\"h-lead h-text h-text-component style-1245 style-local-3109-c8 position-relative h-element\">\n                  <!---->\n                  <!---->\n                  <div class=\"\">\n                    <p>Apr\u00e8s avoir cr\u00e9\u00e9 notre roster League Of Legends, nous avions la volont\u00e9 de nous lancer sur d\u2019autres jeux esports. Nous voulions commencer avec un jeu que nous connaissions : TFT. C&rsquo;\u00e9tait l&rsquo;occasion de s&rsquo;ouvrir \u00e0 d&rsquo;autres choses : un\n                      autre contenu, de nouveaux joueurs et une nouvelle \u00e9quipe \u00e0 construire.&nbsp;\n                      <br>\n                    <\/p>\n                    <p>Pendant que nous travaillons sur un tweet de recrutement, Lukas trouve dans la cat\u00e9gorie TFT de Twitch un joueur grandmaster, apr\u00e8s avoir vu son live, Lukas \u00e9tait conquis. C&rsquo;est ainsi que nous avons pu discuter avec PTMEK de notre\n                      projet.&nbsp;<\/p>\n                    <p>Une fois le recrutement bien lanc\u00e9, quelques joueurs nous ont contact\u00e9, et c&rsquo;est ainsi que nous rencontrons notre deuxi\u00e8me joueur : Zer\u00f8.<\/p>\n                  <\/div>\n                <\/div>\n              <\/div>\n            <\/div>\n          <\/div>\n        <\/div>\n      <\/div>\n      <div data-colibri-id=\"3109-c3\" class=\"h-row-container gutters-row-lg-2 gutters-row-md-2 gutters-row-0 gutters-row-v-lg-2 gutters-row-v-md-2 gutters-row-v-2 style-1240 style-local-3109-c3 position-relative\">\n        <!---->\n        <div class=\"h-row justify-content-lg-center justify-content-md-center justify-content-center align-items-lg-stretch align-items-md-stretch align-items-stretch gutters-col-lg-2 gutters-col-md-2 gutters-col-0 gutters-col-v-lg-2 gutters-col-v-md-2 gutters-col-v-2\">\n          <!---->\n          <div class=\"h-column h-column-container d-flex h-col-lg-auto h-col-md-auto h-col-auto style-1241-outer style-local-3109-c4-outer\">\n            <div data-colibri-id=\"3109-c4\" class=\"d-flex h-flex-basis h-column__inner h-px-lg-2 h-px-md-2 h-px-2 v-inner-lg-2 v-inner-md-2 v-inner-2 style-1241 style-local-3109-c4 position-relative\">\n              <!---->\n              <!---->\n              <div class=\"w-100 h-y-container h-column__content h-column__v-align flex-basis-100 align-self-lg-start align-self-md-start align-self-start\">\n                <!---->\n                <div data-colibri-id=\"3109-c5\" class=\"d-block style-1246 style-local-3109-c5 position-relative h-element\">\n                  <!---->\n                  <div class=\"h-image__frame-container-outer\">\n                    <div class=\"h-image__frame-container\">\n                      <!---->\n                      <!---->\n                      <img loading=\"lazy\" decoding=\"async\" width=\"967\" height=\"967\" src=\"http:\/\/www.onceuponateam.be\/wp-content\/uploads\/2023\/03\/cropped-cropped-Ouat_TFT_Roster_2023_Visuel_Final_petit.png\" class=\"wp-image-4132 style-1246-image style-local-3109-c5-image\" alt=\"Roster TFT de la OUAT\" srcset=\"https:\/\/www.onceuponateam.be\/wp-content\/uploads\/2023\/03\/cropped-cropped-Ouat_TFT_Roster_2023_Visuel_Final_petit.png 967w, https:\/\/www.onceuponateam.be\/wp-content\/uploads\/2023\/03\/cropped-cropped-Ouat_TFT_Roster_2023_Visuel_Final_petit-300x300.png 300w, https:\/\/www.onceuponateam.be\/wp-content\/uploads\/2023\/03\/cropped-cropped-Ouat_TFT_Roster_2023_Visuel_Final_petit-150x150.png 150w, https:\/\/www.onceuponateam.be\/wp-content\/uploads\/2023\/03\/cropped-cropped-Ouat_TFT_Roster_2023_Visuel_Final_petit-768x768.png 768w\" sizes=\"auto, (max-width: 967px) 100vw, 967px\" \/>\n                      <div class=\"h-image__frame h-hide-lg h-hide-md h-hide-sm style-1246-frameImage style-local-3109-c5-frameImage\"><\/div>\n                    <\/div>\n                  <\/div>\n                <\/div>\n              <\/div>\n            <\/div>\n          <\/div>\n        <\/div>\n      <\/div>\n    <\/div>\n  <\/div>\n  <div data-colibri-component=\"section\" data-colibri-id=\"3109-c9\" id=\"reusable-sections\" class=\"h-section h-section-global-spacing d-flex align-items-lg-center align-items-md-center align-items-center style-1257 style-local-3109-c9 position-relative\">\n    <!---->\n    <!---->\n    <div class=\"h-section-grid-container h-section-boxed-container\">\n      <div data-colibri-id=\"3109-c13\" class=\"h-row-container gutters-row-lg-2 gutters-row-md-2 gutters-row-2 gutters-row-v-lg-2 gutters-row-v-md-2 gutters-row-v-2 style-1264 style-local-3109-c13 position-relative\">\n        <!---->\n        <div class=\"h-row justify-content-lg-center justify-content-md-center justify-content-center align-items-lg-stretch align-items-md-stretch align-items-stretch gutters-col-lg-2 gutters-col-md-2 gutters-col-2 gutters-col-v-lg-2 gutters-col-v-md-2 gutters-col-v-2\">\n          <!---->\n          <div class=\"h-column h-column-container d-flex h-col-lg-auto h-col-md-auto h-col-auto style-1265-outer style-local-3109-c14-outer\">\n            <div data-colibri-id=\"3109-c14\" class=\"d-flex h-flex-basis h-column__inner h-px-lg-2 h-px-md-2 h-px-0 v-inner-lg-2 v-inner-md-2 v-inner-0 style-1265 style-local-3109-c14 position-relative\">\n              <!---->\n              <!---->\n              <div class=\"w-100 h-y-container h-column__content h-column__v-align flex-basis-100 align-self-lg-start align-self-md-start align-self-start\">\n                <!---->\n                <div data-colibri-id=\"3109-c15\" class=\"h-lead h-text h-text-component style-1266 style-local-3109-c15 position-relative h-element\">\n                  <!---->\n                  <!---->\n                  <div class=\"\">\n                    <p>Apr\u00e8s avoir fait une bonne ann\u00e9e avec PTMEK et <span style=\"font-weight: 300; font-size: 17.76px; font-family: &quot;Open Sans&quot;; color: rgb(246, 248, 250);\">Zer\u00f8, nous voulions nous orienter vers les joueurs belges. Apr\u00e8s des semaines de recherches, notre \u00e9quipe s&rsquo;agrandit et nous accueillons 3 nouveaux joueurs : IkeRagnell, Liyho et Esper0h.&nbsp;<\/span>\n                      <br>\n                    <\/p>\n                  <\/div>\n                <\/div>\n              <\/div>\n            <\/div>\n          <\/div>\n        <\/div>\n      <\/div>\n      <div data-colibri-id=\"3109-c10\" class=\"h-row-container gutters-row-lg-2 gutters-row-md-2 gutters-row-0 gutters-row-v-lg-2 gutters-row-v-md-2 gutters-row-v-2 style-1261 style-local-3109-c10 position-relative\">\n        <!---->\n        <div class=\"h-row justify-content-lg-center justify-content-md-center justify-content-center align-items-lg-stretch align-items-md-stretch align-items-stretch gutters-col-lg-2 gutters-col-md-2 gutters-col-0 gutters-col-v-lg-2 gutters-col-v-md-2 gutters-col-v-2\">\n          <!---->\n          <div class=\"h-column h-column-container d-flex h-col-lg-auto h-col-md-auto h-col-auto style-1262-outer style-local-3109-c11-outer\">\n            <div data-colibri-id=\"3109-c11\" class=\"d-flex h-flex-basis h-column__inner h-px-lg-2 h-px-md-2 h-px-2 v-inner-lg-2 v-inner-md-2 v-inner-2 style-1262 style-local-3109-c11 position-relative\">\n              <!---->\n              <!---->\n              <div class=\"w-100 h-y-container h-column__content h-column__v-align flex-basis-100 align-self-lg-start align-self-md-start align-self-start\">\n                <!---->\n                <div data-colibri-id=\"3109-c12\" class=\"d-block style-1267 style-local-3109-c12 position-relative h-element\">\n                  <!---->\n                  <div class=\"h-image__frame-container-outer\">\n                    <div class=\"h-image__frame-container\">\n                      <!---->\n                      <!---->\n                      <img loading=\"lazy\" decoding=\"async\" width=\"1080\" height=\"1080\" src=\"http:\/\/www.onceuponateam.be\/wp-content\/uploads\/2024\/12\/GKZka72XsAAt5u1.jpg\" class=\"wp-image-4133 style-1267-image style-local-3109-c12-image\" alt=\"\" srcset=\"https:\/\/www.onceuponateam.be\/wp-content\/uploads\/2024\/12\/GKZka72XsAAt5u1.jpg 1080w, https:\/\/www.onceuponateam.be\/wp-content\/uploads\/2024\/12\/GKZka72XsAAt5u1-300x300.jpg 300w, https:\/\/www.onceuponateam.be\/wp-content\/uploads\/2024\/12\/GKZka72XsAAt5u1-1024x1024.jpg 1024w, https:\/\/www.onceuponateam.be\/wp-content\/uploads\/2024\/12\/GKZka72XsAAt5u1-150x150.jpg 150w, https:\/\/www.onceuponateam.be\/wp-content\/uploads\/2024\/12\/GKZka72XsAAt5u1-768x768.jpg 768w\" sizes=\"auto, (max-width: 1080px) 100vw, 1080px\" \/>\n                      <div class=\"h-image__frame h-hide-lg h-hide-md h-hide-sm style-1267-frameImage style-local-3109-c12-frameImage\"><\/div>\n                    <\/div>\n                  <\/div>\n                <\/div>\n              <\/div>\n            <\/div>\n          <\/div>\n        <\/div>\n      <\/div>\n    <\/div>\n  <\/div>\n<\/div>","protected":false},"excerpt":{"rendered":"<p>Apr\u00e8s avoir cr\u00e9\u00e9 notre roster League Of Legends, nous avions la volont\u00e9 de nous lancer sur d\u2019autres jeux esports. Nous voulions commencer avec un jeu que nous connaissions : TFT. C&rsquo;\u00e9tait l&rsquo;occasion de s&rsquo;ouvrir \u00e0 d&rsquo;autres choses : un autre contenu, de nouveaux joueurs et une nouvelle \u00e9quipe \u00e0 construire.&nbsp; Pendant que nous travaillons sur [&hellip;]<\/p>\n","protected":false},"author":1,"featured_media":0,"parent":0,"menu_order":0,"comment_status":"closed","ping_status":"closed","template":"page-templates\/full-width-page.php","meta":{"_uag_custom_page_level_css":"","_themeisle_gutenberg_block_has_review":false,"footnotes":""},"class_list":["post-3109","page","type-page","status-publish","hentry"],"uagb_featured_image_src":{"full":false,"thumbnail":false,"medium":false,"medium_large":false,"large":false,"1536x1536":false,"2048x2048":false},"uagb_author_info":{"display_name":"Kissah","author_link":"https:\/\/www.onceuponateam.be\/?author=1"},"uagb_comment_info":0,"uagb_excerpt":"Apr\u00e8s avoir cr\u00e9\u00e9 notre roster League Of Legends, nous avions la volont\u00e9 de nous lancer sur d\u2019autres jeux esports. Nous voulions commencer avec un jeu que nous connaissions : TFT. C&rsquo;\u00e9tait l&rsquo;occasion de s&rsquo;ouvrir \u00e0 d&rsquo;autres choses : un autre contenu, de nouveaux joueurs et une nouvelle \u00e9quipe \u00e0 construire.&nbsp; Pendant que nous travaillons sur\u2026","_links":{"self":[{"href":"https:\/\/www.onceuponateam.be\/index.php?rest_route=\/wp\/v2\/pages\/3109","targetHints":{"allow":["GET"]}}],"collection":[{"href":"https:\/\/www.onceuponateam.be\/index.php?rest_route=\/wp\/v2\/pages"}],"about":[{"href":"https:\/\/www.onceuponateam.be\/index.php?rest_route=\/wp\/v2\/types\/page"}],"author":[{"embeddable":true,"href":"https:\/\/www.onceuponateam.be\/index.php?rest_route=\/wp\/v2\/users\/1"}],"replies":[{"embeddable":true,"href":"https:\/\/www.onceuponateam.be\/index.php?rest_route=%2Fwp%2Fv2%2Fcomments&post=3109"}],"version-history":[{"count":4,"href":"https:\/\/www.onceuponateam.be\/index.php?rest_route=\/wp\/v2\/pages\/3109\/revisions"}],"predecessor-version":[{"id":4624,"href":"https:\/\/www.onceuponateam.be\/index.php?rest_route=\/wp\/v2\/pages\/3109\/revisions\/4624"}],"wp:attachment":[{"href":"https:\/\/www.onceuponateam.be\/index.php?rest_route=%2Fwp%2Fv2%2Fmedia&parent=3109"}],"curies":[{"name":"wp","href":"https:\/\/api.w.org\/{rel}","templated":true}]}}