{"id":3112,"date":"2024-11-05T15:07:00","date_gmt":"2024-11-05T14:07:00","guid":{"rendered":"https:\/\/www.onceuponateam.be\/?page_id=3112"},"modified":"2025-12-19T14:38:09","modified_gmt":"2025-12-19T13:38:09","slug":"cest-quoi","status":"publish","type":"page","link":"https:\/\/www.onceuponateam.be\/?page_id=3112","title":{"rendered":"OUAT Elite"},"content":{"rendered":"<div class=\"style-1308 style-local-3112-c1 position-relative\" data-colibri-id=\"3112-c1\">\n<div id=\"overlappable\" class=\"h-section h-section-global-spacing d-flex align-items-lg-center align-items-md-center align-items-center style-1330 style-local-3112-c2 position-relative\" data-colibri-component=\"section\" data-colibri-id=\"3112-c2\">\n<div class=\"h-section-grid-container h-section-boxed-container\">\n<div class=\"h-row-container gutters-row-lg-2 gutters-row-md-2 gutters-row-0 gutters-row-v-lg-2 gutters-row-v-md-2 gutters-row-v-2 style-1337 style-local-3112-c3 position-relative\" data-colibri-id=\"3112-c3\">\n<div class=\"h-row justify-content-lg-center justify-content-md-center justify-content-center align-items-lg-stretch align-items-md-stretch align-items-stretch gutters-col-lg-2 gutters-col-md-2 gutters-col-0 gutters-col-v-lg-2 gutters-col-v-md-2 gutters-col-v-2\">\n<div class=\"h-column h-column-container d-flex h-col-lg-auto h-col-md-auto h-col-auto style-1338-outer style-local-3112-c4-outer\">\n<div class=\"d-flex h-flex-basis h-column__inner h-px-lg-2 h-px-md-2 h-px-2 v-inner-lg-2 v-inner-md-2 v-inner-2 style-1338 style-local-3112-c4 position-relative\" data-colibri-id=\"3112-c4\">\n<div class=\"w-100 h-y-container h-column__content h-column__v-align flex-basis-100 align-self-lg-start align-self-md-start align-self-start\">\n<div class=\"h-lead h-text h-text-component style-1318 style-local-3112-c5 position-relative h-element\" data-colibri-id=\"3112-c5\">\n<div class=\"\">\n<p>OUAT Elite, c\u2019est bien plus qu\u2019un service de coaching : c\u2019est un v\u00e9ritable club esport. Inspir\u00e9 des clubs de sport traditionnels, OUAT Elite offre \u00e0 tous les passionn\u00e9s d\u2019esport l\u2019opportunit\u00e9 de progresser, de s\u2019entra\u00eener et de vivre<br \/>pleinement leur passion, que ce soit en solo ou en \u00e9quipe<span style=\"font-size: 16px; font-family: inherit;\"><br \/><\/span><\/p>\n<\/div>\n<\/div>\n<\/div>\n<\/div>\n<\/div>\n<\/div>\n<\/div>\n<div class=\"h-row-container gutters-row-lg-2 gutters-row-md-2 gutters-row-0 gutters-row-v-lg-2 gutters-row-v-md-2 gutters-row-v-2 style-1339 style-local-3112-c6 position-relative\" data-colibri-id=\"3112-c6\">\n<div class=\"h-row justify-content-lg-center justify-content-md-center justify-content-center align-items-lg-stretch align-items-md-stretch align-items-stretch gutters-col-lg-2 gutters-col-md-2 gutters-col-0 gutters-col-v-lg-2 gutters-col-v-md-2 gutters-col-v-2\">\n<div class=\"h-column h-column-container d-flex h-col-lg-auto h-col-md-auto h-col-auto style-1340-outer style-local-3112-c7-outer\">\n<div class=\"d-flex h-flex-basis h-column__inner h-px-lg-2 h-px-md-2 h-px-2 v-inner-lg-2 v-inner-md-2 v-inner-2 style-1340 style-local-3112-c7 position-relative\" data-colibri-id=\"3112-c7\">\n<div class=\"w-100 h-y-container h-column__content h-column__v-align flex-basis-100 align-self-lg-start align-self-md-start align-self-start\">\n<div class=\"h-global-transition-all h-heading style-1312 style-local-3112-c8 position-relative h-element\" data-colibri-id=\"3112-c8\">\n<div class=\"h-heading__outer style-1312 style-local-3112-c8\">\n<h2 class=\"\">Pourquoi rejoindre OUAT Elite ?<\/h2>\n<\/div>\n<\/div>\n<\/div>\n<\/div>\n<\/div>\n<\/div>\n<\/div>\n<div class=\"h-row-container gutters-row-lg-0 gutters-row-md-0 gutters-row-2 gutters-row-v-lg-0 gutters-row-v-md-0 gutters-row-v-2 style-1331 style-local-3112-c9 position-relative\" data-colibri-id=\"3112-c9\">\n<div class=\"h-row justify-content-lg-center justify-content-md-center justify-content-center align-items-lg-stretch align-items-md-stretch align-items-stretch gutters-col-lg-0 gutters-col-md-0 gutters-col-2 gutters-col-v-lg-0 gutters-col-v-md-0 gutters-col-v-2\">\n<div class=\"h-column h-column-container d-flex h-col-lg-3 h-col-md-3 h-col-12 style-1332-outer style-local-3112-c10-outer\">\n<div class=\"d-flex h-flex-basis h-column__inner h-px-lg-3 h-px-md-3 h-px-2 v-inner-lg-3 v-inner-md-3 v-inner-2 style-1332 style-local-3112-c10 position-relative\" data-colibri-id=\"3112-c10\">\n<div class=\"w-100 h-y-container h-column__content h-column__v-align flex-basis-100 align-self-lg-center align-self-md-center align-self-center\">\n<div class=\"h-global-transition-all h-heading style-1334 style-local-3112-c11 position-relative h-element\" data-colibri-id=\"3112-c11\">\n<div class=\"h-heading__outer style-1334 style-local-3112-c11\">\n<h5 class=\"\">Coaching de qualit\u00e9<\/h5>\n<\/div>\n<\/div>\n<div class=\"h-text h-text-component style-1335 style-local-3112-c12 position-relative h-element\" data-colibri-id=\"3112-c12\">\n<div class=\"\">\n<p>B\u00e9n\u00e9ficiez d\u2019un encadrement professionnel pour vous perfectionner.<\/p>\n<\/div>\n<\/div>\n<\/div>\n<\/div>\n<\/div>\n<div class=\"h-column h-column-container d-flex h-col-lg-3 h-col-md-3 h-col-12 style-1332-outer style-local-3112-c13-outer\">\n<div class=\"d-flex h-flex-basis h-column__inner h-px-lg-3 h-px-md-3 h-px-2 v-inner-lg-3 v-inner-md-3 v-inner-2 style-1332 style-local-3112-c13 position-relative\" data-colibri-id=\"3112-c13\">\n<div class=\"w-100 h-y-container h-column__content h-column__v-align flex-basis-100 align-self-lg-center align-self-md-center align-self-center\">\n<div class=\"h-global-transition-all h-heading style-1334 style-local-3112-c14 position-relative h-element\" data-colibri-id=\"3112-c14\">\n<div class=\"h-heading__outer style-1334 style-local-3112-c14\">\n<h5 class=\"\">Adapt\u00e9 \u00e0 tous<\/h5>\n<\/div>\n<\/div>\n<div class=\"h-text h-text-component style-1335 style-local-3112-c15 position-relative h-element\" data-colibri-id=\"3112-c15\">\n<div class=\"\">\n<p>Que vous soyez d\u00e9butant ou confirm\u00e9, nous avons une place pour vous.<\/p>\n<\/div>\n<\/div>\n<\/div>\n<\/div>\n<\/div>\n<div class=\"h-column h-column-container d-flex h-col-lg-3 h-col-md-3 h-col-12 style-1332-outer style-local-3112-c16-outer\">\n<div class=\"d-flex h-flex-basis h-column__inner h-px-lg-3 h-px-md-3 h-px-2 v-inner-lg-3 v-inner-md-3 v-inner-2 style-1332 style-local-3112-c16 position-relative\" data-colibri-id=\"3112-c16\">\n<div class=\"w-100 h-y-container h-column__content h-column__v-align flex-basis-100 align-self-lg-center align-self-md-center align-self-center\">\n<div class=\"h-global-transition-all h-heading style-1334 style-local-3112-c17 position-relative h-element\" data-colibri-id=\"3112-c17\">\n<div class=\"h-heading__outer style-1334 style-local-3112-c17\">\n<h5 class=\"\">esprit d&rsquo;\u00e9quipe<\/h5>\n<\/div>\n<\/div>\n<div class=\"h-text h-text-component style-1335 style-local-3112-c18 position-relative h-element\" data-colibri-id=\"3112-c18\">\n<div class=\"\">\n<p>Int\u00e9grez une communaut\u00e9 dynamique qui partage vos objectifs.<\/p>\n<\/div>\n<\/div>\n<\/div>\n<\/div>\n<\/div>\n<div class=\"h-column h-column-container d-flex h-col-lg-3 h-col-md-3 h-col-12 style-1336-outer style-local-3112-c19-outer\">\n<div class=\"d-flex h-flex-basis h-column__inner h-px-lg-3 h-px-md-3 h-px-2 v-inner-lg-3 v-inner-md-3 v-inner-2 style-1336 style-local-3112-c19 position-relative\" data-colibri-id=\"3112-c19\">\n<div class=\"w-100 h-y-container h-column__content h-column__v-align flex-basis-100 align-self-lg-center align-self-md-center align-self-center\">\n<div class=\"h-global-transition-all h-heading style-1334 style-local-3112-c20 position-relative h-element\" data-colibri-id=\"3112-c20\">\n<div class=\"h-heading__outer style-1334 style-local-3112-c20\">\n<h5 class=\"\">Un cadre structur\u00e9<\/h5>\n<\/div>\n<\/div>\n<div class=\"h-text h-text-component style-1335 style-local-3112-c21 position-relative h-element\" data-colibri-id=\"3112-c21\">\n<div class=\"\">\n<p>Vivez une exp\u00e9rience enrichissante dans un environnement comp\u00e9titif et bienveillant.<\/p>\n<\/div>\n<\/div>\n<\/div>\n<\/div>\n<\/div>\n<\/div>\n<\/div>\n<\/div>\n<\/div>\n<div id=\"reusable-sections\" class=\"h-section h-section-global-spacing d-flex align-items-lg-center align-items-md-center align-items-center style-1309 style-local-3112-c22 position-relative\" data-colibri-component=\"section\" data-colibri-id=\"3112-c22\">\n<div class=\"h-section-grid-container h-section-boxed-container\">\n<div class=\"h-row-container gutters-row-lg-2 gutters-row-md-2 gutters-row-2 gutters-row-v-lg-2 gutters-row-v-md-2 gutters-row-v-2 style-1310 style-local-3112-c23 position-relative\" data-colibri-id=\"3112-c23\">\n<div class=\"h-row justify-content-lg-center justify-content-md-center justify-content-center align-items-lg-stretch align-items-md-stretch align-items-stretch gutters-col-lg-2 gutters-col-md-2 gutters-col-2 gutters-col-v-lg-2 gutters-col-v-md-2 gutters-col-v-2\">\n<div class=\"h-column h-column-container d-flex h-col-lg-auto h-col-md-auto h-col-auto style-1311-outer style-local-3112-c24-outer\">\n<div class=\"d-flex h-flex-basis h-column__inner h-px-lg-2 h-px-md-2 h-px-2 v-inner-lg-2 v-inner-md-2 v-inner-2 style-1311 style-local-3112-c24 position-relative\" data-colibri-id=\"3112-c24\">\n<div class=\"w-100 h-y-container h-column__content h-column__v-align flex-basis-100 align-self-lg-start align-self-md-start align-self-start\">\n<div class=\"h-global-transition-all h-heading style-1322 style-local-3112-c25 position-relative h-element\" data-colibri-id=\"3112-c25\">\n<div class=\"h-heading__outer style-1322 style-local-3112-c25\">\n<h2 class=\"\">Comment \u00e7a fonctionne ?<\/h2>\n<\/div>\n<\/div>\n<div class=\"h-text h-text-component style-1329 style-local-3112-c26 position-relative h-element\" data-colibri-id=\"3112-c26\">\n<div class=\"\">\n<p><strong style=\"font-size: 20px; font-family: inherit;\">LE MODE \u00c9QUIPE<\/strong><\/p>\n<p><strong style=\"font-size: 20px; font-family: inherit;\">30\u20ac\/mois<\/strong><\/p>\n<p><span style=\"font-size: 16px; font-family: inherit;\">Vous allez b\u00e9n\u00e9ficier de l\u2019encadrement de nos supers coachs, Feedy, Rex ou Spectros. Profitez de 3 s\u00e9ances de 3 heures par mois pour vous entra\u00eener, participer \u00e0 des flex ou scrims, et reviewez vos games ! Vous pouvez aussi planifier des sessions suppl\u00e9mentaires si vous le souhaitez. Acc\u00e9dez \u00e0 toutes les activit\u00e9s du Discord et faites partie de notre communaut\u00e9 !<\/span><\/p>\n<p><strong style=\"font-size: 20px; font-family: inherit; color: #f6f8fa;\">LE MODE SOLO<\/strong><\/p>\n<p><strong style=\"font-size: 20px; font-family: inherit; color: #f6f8fa;\">30\u20ac\/mois<\/strong><\/p>\n<p><span style=\"font-size: 16px; font-family: inherit;\">Pas encore de place dans une \u00e9quipe ou pas envie de rejoindre une \u00e9quipe ? Pas de soucis ! Nous travaillons d\u00e9j\u00e0 \u00e0 cr\u00e9er une \u00e9quipe pour vous, si vous en avez envie. En attendant, vous avez acc\u00e8s \u00e0 tout le serveur : assistez aux s\u00e9ances de coaching individuelles de tous les autres joueurs et contactez l&rsquo;un de nos coach (Feedy, Spectros ou Rex) pour deux rendez-vous par mois ! Vous aurez toujours de quoi vous occuper.<\/span><\/p>\n<p><strong style=\"color: #f6f8fa; font-family: inherit; font-size: 20px;\">Vous n&rsquo;en avez pas assez ?<\/strong><\/p>\n<p><span style=\"font-size: 16px; font-family: inherit;\">Vous voulez encore plus de rendez-vous avec un de nos coachs ? On vous comprend, on en veut toujours plus aussi ! Alors tu peux prendre des heures de coaching suppl\u00e9mentaire avec eux. Que ce soit en plus du mode \u00e9quipe ou en plus du mode solo, vous pouvez avoir envie de progresser encore plus vite et alors nos coachs peuvent vous proposer du coaching individuel suppl\u00e9mentaire.<br \/><\/span><\/p>\n<p><img decoding=\"async\" class=\"emoji\" role=\"img\" draggable=\"false\" src=\"https:\/\/s.w.org\/images\/core\/emoji\/16.0.1\/svg\/2b07.svg\" alt=\"\u2b07\ufe0f\" \/>\u00a0<strong style=\"font-size: 16px; font-family: inherit;\">Prend ton adh\u00e9sion juste ici<\/strong> <img decoding=\"async\" class=\"emoji\" role=\"img\" draggable=\"false\" src=\"https:\/\/s.w.org\/images\/core\/emoji\/16.0.1\/svg\/2b07.svg\" alt=\"\u2b07\ufe0f\" \/><\/p>\n<\/div>\n<\/div>\n<\/div>\n<\/div>\n<\/div>\n<\/div>\n<\/div>\n<\/div>\n<\/div>\n<\/div>\n\n\n<!-- Widget Abonnement Once Upon A Team -->\n\n<esport-subscription-widget\n  api-url=\"https:\/\/esport.quatools.fr\"\n  club-id=\"53bbff2e-be2b-48f5-8baa-8a52251ec827\"\n  widget-id=\"08b1c0d6-f198-4133-87ea-c563f1908776\">\n<\/esport-subscription-widget>\n\n<script src=\"https:\/\/esport.quatools.fr\/widget\/subscription-widget.js\"><\/script>\n","protected":false},"excerpt":{"rendered":"<p>OUAT Elite, c\u2019est bien plus qu\u2019un service de coaching : c\u2019est un v\u00e9ritable club esport. Inspir\u00e9 des clubs de sport traditionnels, OUAT Elite offre \u00e0 tous les passionn\u00e9s d\u2019esport l\u2019opportunit\u00e9 de progresser, de s\u2019entra\u00eener et de vivrepleinement leur passion, que ce soit en solo ou en \u00e9quipe Pourquoi rejoindre OUAT Elite ? Coaching de qualit\u00e9 [&hellip;]<\/p>\n","protected":false},"author":1,"featured_media":0,"parent":0,"menu_order":0,"comment_status":"closed","ping_status":"closed","template":"page-templates\/full-width-page.php","meta":{"_uag_custom_page_level_css":"","_themeisle_gutenberg_block_has_review":false,"footnotes":""},"class_list":["post-3112","page","type-page","status-publish","hentry"],"uagb_featured_image_src":{"full":false,"thumbnail":false,"medium":false,"medium_large":false,"large":false,"1536x1536":false,"2048x2048":false},"uagb_author_info":{"display_name":"Kissah","author_link":"https:\/\/www.onceuponateam.be\/?author=1"},"uagb_comment_info":0,"uagb_excerpt":"OUAT Elite, c\u2019est bien plus qu\u2019un service de coaching : c\u2019est un v\u00e9ritable club esport. Inspir\u00e9 des clubs de sport traditionnels, OUAT Elite offre \u00e0 tous les passionn\u00e9s d\u2019esport l\u2019opportunit\u00e9 de progresser, de s\u2019entra\u00eener et de vivrepleinement leur passion, que ce soit en solo ou en \u00e9quipe Pourquoi rejoindre OUAT Elite ? Coaching de qualit\u00e9\u2026","_links":{"self":[{"href":"https:\/\/www.onceuponateam.be\/index.php?rest_route=\/wp\/v2\/pages\/3112","targetHints":{"allow":["GET"]}}],"collection":[{"href":"https:\/\/www.onceuponateam.be\/index.php?rest_route=\/wp\/v2\/pages"}],"about":[{"href":"https:\/\/www.onceuponateam.be\/index.php?rest_route=\/wp\/v2\/types\/page"}],"author":[{"embeddable":true,"href":"https:\/\/www.onceuponateam.be\/index.php?rest_route=\/wp\/v2\/users\/1"}],"replies":[{"embeddable":true,"href":"https:\/\/www.onceuponateam.be\/index.php?rest_route=%2Fwp%2Fv2%2Fcomments&post=3112"}],"version-history":[{"count":20,"href":"https:\/\/www.onceuponateam.be\/index.php?rest_route=\/wp\/v2\/pages\/3112\/revisions"}],"predecessor-version":[{"id":5227,"href":"https:\/\/www.onceuponateam.be\/index.php?rest_route=\/wp\/v2\/pages\/3112\/revisions\/5227"}],"wp:attachment":[{"href":"https:\/\/www.onceuponateam.be\/index.php?rest_route=%2Fwp%2Fv2%2Fmedia&parent=3112"}],"curies":[{"name":"wp","href":"https:\/\/api.w.org\/{rel}","templated":true}]}}