{"id":3116,"date":"2024-11-05T15:07:00","date_gmt":"2024-11-05T14:07:00","guid":{"rendered":"https:\/\/www.onceuponateam.be\/?page_id=3116"},"modified":"2025-01-02T23:23:59","modified_gmt":"2025-01-02T22:23:59","slug":"holy","status":"publish","type":"page","link":"https:\/\/www.onceuponateam.be\/?page_id=3116","title":{"rendered":"Holy"},"content":{"rendered":"<div data-colibri-id=\"3116-c1\" class=\"style-1415 style-local-3116-c1 position-relative\">\n  <!---->\n  <div data-colibri-component=\"section\" data-colibri-id=\"3116-c2\" id=\"reusable-sections-2\" class=\"h-section h-section-global-spacing d-flex align-items-lg-center align-items-md-center align-items-center style-1419 style-local-3116-c2 position-relative\">\n    <!---->\n    <!---->\n    <div class=\"h-section-grid-container h-section-boxed-container\">\n      <!---->\n      <div data-colibri-id=\"3116-c3\" class=\"h-row-container gutters-row-lg-2 gutters-row-md-2 gutters-row-2 gutters-row-v-lg-2 gutters-row-v-md-2 gutters-row-v-2 style-1420 style-local-3116-c3 position-relative\">\n        <!---->\n        <div class=\"h-row justify-content-lg-center justify-content-md-center justify-content-center align-items-lg-stretch align-items-md-stretch align-items-stretch gutters-col-lg-2 gutters-col-md-2 gutters-col-2 gutters-col-v-lg-2 gutters-col-v-md-2 gutters-col-v-2\">\n          <!---->\n          <div class=\"h-column h-column-container d-flex h-col-lg-auto h-col-md-auto h-col-auto style-1421-outer style-local-3116-c4-outer\">\n            <div data-colibri-id=\"3116-c4\" class=\"d-flex h-flex-basis h-column__inner h-px-lg-2 h-px-md-2 h-px-2 v-inner-lg-2 v-inner-md-2 v-inner-2 style-1421 style-local-3116-c4 position-relative\">\n              <!---->\n              <!---->\n              <div class=\"w-100 h-y-container h-column__content h-column__v-align flex-basis-100 align-self-lg-start align-self-md-start align-self-start\">\n                <!---->\n                <div data-colibri-id=\"3116-c5\" class=\"h-global-transition-all h-heading style-1422 style-local-3116-c5 position-relative h-element\">\n                  <!---->\n                  <div class=\"h-heading__outer style-1422 style-local-3116-c5\">\n                    <!---->\n                    <!---->\n                    <h2 class=\"\">Notre partenaire principal depuis 2023 !<\/h2>\n                  <\/div>\n                <\/div>\n              <\/div>\n            <\/div>\n          <\/div>\n        <\/div>\n      <\/div>\n      <div data-colibri-id=\"3116-c6\" class=\"h-row-container gutters-row-lg-2 gutters-row-md-2 gutters-row-0 gutters-row-v-lg-2 gutters-row-v-md-2 gutters-row-v-2 style-1423 style-local-3116-c6 position-relative\">\n        <!---->\n        <div class=\"h-row justify-content-lg-center justify-content-md-center justify-content-center align-items-lg-stretch align-items-md-stretch align-items-stretch gutters-col-lg-2 gutters-col-md-2 gutters-col-0 gutters-col-v-lg-2 gutters-col-v-md-2 gutters-col-v-2\">\n          <!---->\n          <div class=\"h-column h-column-container d-flex h-col-lg-auto h-col-md-auto h-col-auto style-1424-outer style-local-3116-c7-outer\">\n            <div data-colibri-id=\"3116-c7\" class=\"d-flex h-flex-basis h-column__inner h-px-lg-2 h-px-md-2 h-px-2 v-inner-lg-2 v-inner-md-2 v-inner-2 style-1424 style-local-3116-c7 position-relative\">\n              <!---->\n              <!---->\n              <div class=\"w-100 h-y-container h-column__content h-column__v-align flex-basis-100 align-self-lg-start align-self-md-start align-self-start\">\n                <!---->\n                <div data-colibri-id=\"3116-c8\" class=\"h-text h-text-component style-1425 style-local-3116-c8 position-relative h-element\">\n                  <!---->\n                  <!---->\n                  <div class=\"\">\n                    <p><strong>HOLY nous accompagne depuis bient\u00f4t 2 ans !&nbsp;<\/strong><\/p>\n                    <p><strong>En 2023, simple partenaire d&rsquo;affiliation, ils nous ont fait confiance et nous ont sponsoris\u00e9 sur l&rsquo;ann\u00e9e 2024 et 2025 lors de notre arriv\u00e9e en division 1 du Benelux. C&rsquo;est en grande partie gr\u00e2ce \u00e0 eux que nous avons pu proposer des projets pertinents durant ces deux ann\u00e9es.&nbsp;<\/strong><\/p>\n                  <\/div>\n                <\/div>\n              <\/div>\n            <\/div>\n          <\/div>\n        <\/div>\n      <\/div>\n    <\/div>\n  <\/div>\n  <div data-colibri-component=\"section\" data-colibri-id=\"3116-c9\" id=\"content\" class=\"h-section h-section-global-spacing d-flex align-items-lg-center align-items-md-center align-items-center style-1429 style-local-3116-c9 position-relative\">\n    <!---->\n    <!---->\n    <div class=\"h-section-grid-container h-section-boxed-container\">\n      <!---->\n      <div data-colibri-id=\"3116-c10\" class=\"h-row-container gutters-row-lg-2 gutters-row-md-2 gutters-row-2 gutters-row-v-lg-2 gutters-row-v-md-2 gutters-row-v-2 style-1430 style-local-3116-c10 position-relative\">\n        <!---->\n        <div class=\"h-row justify-content-lg-center justify-content-md-center justify-content-center align-items-lg-stretch align-items-md-stretch align-items-stretch gutters-col-lg-2 gutters-col-md-2 gutters-col-2 gutters-col-v-lg-2 gutters-col-v-md-2 gutters-col-v-2\">\n          <!---->\n          <div class=\"h-column h-column-container d-flex h-col-lg-auto h-col-md-auto h-col-auto style-1431-outer style-local-3116-c11-outer\">\n            <div data-colibri-id=\"3116-c11\" class=\"d-flex h-flex-basis h-column__inner h-px-lg-0 h-px-md-2 h-px-0 v-inner-lg-0 v-inner-md-2 v-inner-0 style-1431 style-local-3116-c11 position-relative\">\n              <!---->\n              <!---->\n              <div class=\"w-100 h-y-container h-column__content h-column__v-align flex-basis-100 align-self-lg-center align-self-md-center align-self-center\">\n                <!---->\n                <div data-colibri-id=\"3116-c12\" class=\"d-block style-1432 style-local-3116-c12 position-relative h-element\">\n                  <!---->\n                  <div class=\"h-image__frame-container-outer\">\n                    <div class=\"h-image__frame-container\">\n                      <!---->\n                      <!---->\n                      <img loading=\"lazy\" decoding=\"async\" width=\"1080\" height=\"1080\" src=\"http:\/\/www.onceuponateam.be\/wp-content\/uploads\/2025\/01\/HOLY_Energy_StarterSet6_0c0bb2b9-66f2-43e8-bdb2-3ae122294577.png\" class=\"wp-image-4671 style-1432-image style-local-3116-c12-image\" alt=\"\" srcset=\"https:\/\/www.onceuponateam.be\/wp-content\/uploads\/2025\/01\/HOLY_Energy_StarterSet6_0c0bb2b9-66f2-43e8-bdb2-3ae122294577.png 1080w, https:\/\/www.onceuponateam.be\/wp-content\/uploads\/2025\/01\/HOLY_Energy_StarterSet6_0c0bb2b9-66f2-43e8-bdb2-3ae122294577-300x300.png 300w, https:\/\/www.onceuponateam.be\/wp-content\/uploads\/2025\/01\/HOLY_Energy_StarterSet6_0c0bb2b9-66f2-43e8-bdb2-3ae122294577-1024x1024.png 1024w, https:\/\/www.onceuponateam.be\/wp-content\/uploads\/2025\/01\/HOLY_Energy_StarterSet6_0c0bb2b9-66f2-43e8-bdb2-3ae122294577-150x150.png 150w, https:\/\/www.onceuponateam.be\/wp-content\/uploads\/2025\/01\/HOLY_Energy_StarterSet6_0c0bb2b9-66f2-43e8-bdb2-3ae122294577-768x768.png 768w\" sizes=\"auto, (max-width: 1080px) 100vw, 1080px\" \/>\n                      <div class=\"h-image__frame h-hide-sm style-1432-frameImage style-local-3116-c12-frameImage\"><\/div>\n                    <\/div>\n                  <\/div>\n                <\/div>\n              <\/div>\n            <\/div>\n          <\/div>\n          <div class=\"h-column h-column-container d-flex h-col-lg-auto h-col-md-auto h-col-auto style-1433-outer style-local-3116-c13-outer\">\n            <div data-colibri-id=\"3116-c13\" class=\"d-flex h-flex-basis h-column__inner h-px-lg-0 h-px-md-0 h-px-2 v-inner-lg-0 v-inner-md-0 v-inner-2 style-1433 style-local-3116-c13 position-relative\">\n              <!---->\n              <!---->\n              <div class=\"w-100 h-y-container h-column__content h-column__v-align flex-basis-100 align-self-lg-center align-self-md-center align-self-center\">\n                <!---->\n                <div data-colibri-id=\"3116-c14\" class=\"h-global-transition-all h-heading style-1434 style-local-3116-c14 position-relative h-element\">\n                  <!---->\n                  <div class=\"h-heading__outer style-1434 style-local-3116-c14\">\n                    <!---->\n                    <!---->\n                    <h3 class=\"\">Holy c&rsquo;est quoi ?<\/h3>\n                  <\/div>\n                <\/div>\n                <div data-colibri-id=\"3116-c15\" class=\"h-text h-text-component style-1435 style-local-3116-c15 position-relative h-element\">\n                  <!---->\n                  <!---->\n                  <div class=\"\">\n                    <p><strong>Holy<\/strong> est une marque sp\u00e9cialis\u00e9e dans les boissons \u00e9nergisantes, hydratantes et les Iced Teas. Elle se distingue par son engagement \u00e0 offrir des produits sains, sans sucre, sans taurine et sans plastique. Ces boissons\n                      sont con\u00e7ues pour apporter de l&rsquo;\u00e9nergie tout en prenant soin de la sant\u00e9 de ses consommateurs. Et surtout : c&rsquo;est vraiment bon !&nbsp;<\/p>\n                  <\/div>\n                <\/div>\n                <div data-colibri-id=\"3116-c16\" class=\"h-x-container style-1436 style-local-3116-c16 position-relative h-element\">\n                  <!---->\n                  <div class=\"h-x-container-inner style-dynamic-3116-c16-group style-1436-spacing style-local-3116-c16-spacing\"><span class=\"h-button__outer style-1437-outer style-local-3116-c17-outer d-inline-flex h-element\"><a h-use-smooth-scroll=\"true\" href=\"https:\/\/fr.weareholy.com\/?ref=OUAT&amp;utm_medium=creator&amp;utm_source=creator\"  data-colibri-id=\"3116-c17\" class=\"d-flex w-100 align-items-center h-button justify-content-lg-center justify-content-md-center justify-content-center style-1437 style-local-3116-c17 position-relative\"><!----><!----> <span>Essayer tout de suite !<\/span><\/a>\n                    <\/span>\n                  <\/div>\n                <\/div>\n              <\/div>\n            <\/div>\n          <\/div>\n        <\/div>\n      <\/div>\n    <\/div>\n  <\/div>\n  <div data-colibri-component=\"section\" data-colibri-id=\"3116-c18\" id=\"content-2\" class=\"h-section h-section-global-spacing d-flex align-items-lg-center align-items-md-center align-items-center style-1438 style-local-3116-c18 position-relative\">\n    <!---->\n    <!---->\n    <div class=\"h-section-grid-container h-section-fluid-container\">\n      <!---->\n      <div data-colibri-id=\"3116-c19\" class=\"h-row-container gutters-row-lg-0 gutters-row-md-0 gutters-row-2 gutters-row-v-lg-0 gutters-row-v-md-0 gutters-row-v-2 style-1439 style-local-3116-c19 position-relative\">\n        <!---->\n        <div class=\"h-row justify-content-lg-center justify-content-md-center justify-content-center align-items-lg-stretch align-items-md-stretch align-items-stretch gutters-col-lg-0 gutters-col-md-0 gutters-col-2 gutters-col-v-lg-0 gutters-col-v-md-0 gutters-col-v-2\">\n          <!---->\n          <div class=\"h-column h-column-container d-flex h-col-lg-auto h-col-md-auto h-col-auto style-1440-outer style-local-3116-c20-outer\">\n            <div data-colibri-id=\"3116-c20\" class=\"d-flex h-flex-basis h-column__inner h-px-lg-0 h-px-md-0 h-px-0 v-inner-lg-0 v-inner-md-0 v-inner-0 style-1440 style-local-3116-c20 position-relative\">\n              <!---->\n              <!---->\n              <div class=\"w-100 h-y-container h-column__content h-column__v-align flex-basis-100 align-self-lg-start align-self-md-start align-self-start\">\n                <!---->\n                <div data-colibri-id=\"3116-c21\" class=\"h-global-transition-all h-heading style-1441 style-local-3116-c21 position-relative h-element\">\n                  <!---->\n                  <div class=\"h-heading__outer style-1441 style-local-3116-c21\">\n                    <!---->\n                    <!---->\n                    <h4 class=\"\">HOLY X OUAT<\/h4>\n                  <\/div>\n                <\/div>\n                <div data-colibri-id=\"3116-c22\" class=\"h-global-transition-all h-heading style-1442 style-local-3116-c22 position-relative h-element\">\n                  <!---->\n                  <div class=\"h-heading__outer style-1442 style-local-3116-c22\">\n                    <!---->\n                    <!---->\n                    <h2 class=\"\">Une collaboration durable<\/h2>\n                  <\/div>\n                <\/div>\n                <div data-colibri-id=\"3116-c23\" class=\"h-text h-text-component style-1443 style-local-3116-c23 position-relative h-element\">\n                  <!---->\n                  <!---->\n                  <div class=\"\">\n                    <p>Depuis 2023, nous avons eu l&rsquo;opportunit\u00e9 de mettre en avant la marque <strong>HOLY<\/strong> de multiples fa\u00e7ons. Gr\u00e2ce \u00e0 tout ce qu&rsquo;elle nous a apport\u00e9, nous avons \u00e0 c\u0153ur de la promouvoir de mani\u00e8re continue. Que ce soit lors de nos\n                      lives, comp\u00e9titions, \u00e9missions ou autres projets, <strong>HOLY<\/strong> est toujours pr\u00e9sente, marquant ainsi chaque moment avec sa \u00ab\u00a0signature\u00a0\u00bb afin que notre communaut\u00e9 ne passe jamais \u00e0 c\u00f4t\u00e9 !<\/p>\n                  <\/div>\n                <\/div>\n                <div data-colibri-id=\"3116-c24\" class=\"h-row-container gutters-row-lg-2 gutters-row-md-2 gutters-row-0 gutters-row-v-lg-2 gutters-row-v-md-2 gutters-row-v-0 style-1444 style-local-3116-c24 position-relative\">\n                  <!---->\n                  <div class=\"h-row justify-content-lg-center justify-content-md-center justify-content-center align-items-lg-stretch align-items-md-stretch align-items-stretch gutters-col-lg-2 gutters-col-md-2 gutters-col-0 gutters-col-v-lg-2 gutters-col-v-md-2 gutters-col-v-0\">\n                    <!---->\n                    <div class=\"h-column h-column-container d-flex h-col-lg-6 h-col-md-6 h-col-6 style-1445-outer style-local-3116-c25-outer\">\n                      <div data-colibri-id=\"3116-c25\" class=\"d-flex h-flex-basis h-column__inner h-px-lg-0 h-px-md-0 h-px-0 v-inner-lg-0 v-inner-md-0 v-inner-0 style-1445 style-local-3116-c25 position-relative\">\n                        <!---->\n                        <!---->\n                        <div class=\"w-100 h-y-container h-column__content h-column__v-align flex-basis-100 align-self-lg-start align-self-md-start align-self-start\">\n                          <!---->\n                          <div data-colibri-id=\"3116-c26\" class=\"h-global-transition-all h-heading style-1446 style-local-3116-c26 position-relative h-element\">\n                            <!---->\n                            <div class=\"h-heading__outer style-1446 style-local-3116-c26\">\n                              <!---->\n                              <!---->\n                              <h5 class=\"\">Cr\u00e9ation de contenus<\/h5>\n                            <\/div>\n                          <\/div>\n                          <div data-colibri-id=\"3116-c27\" class=\"h-text h-text-component style-1447 style-local-3116-c27 position-relative h-element\">\n                            <!---->\n                            <!---->\n                            <div class=\"\">\n                              <p>Nous avons cr\u00e9\u00e9 une vid\u00e9o \u00ab\u00a0tier-list\u00a0\u00bb pour classer les meilleurs go\u00fbts de <strong>HOLY<\/strong>.<\/p>\n                            <\/div>\n                          <\/div>\n                        <\/div>\n                      <\/div>\n                    <\/div>\n                    <div class=\"h-column h-column-container d-flex h-col-lg-6 h-col-md-6 h-col-6 style-1445-outer style-local-3116-c28-outer\">\n                      <div data-colibri-id=\"3116-c28\" class=\"d-flex h-flex-basis h-column__inner h-px-lg-0 h-px-md-0 h-px-0 v-inner-lg-0 v-inner-md-0 v-inner-0 style-1445 style-local-3116-c28 position-relative\">\n                        <!---->\n                        <!---->\n                        <div class=\"w-100 h-y-container h-column__content h-column__v-align flex-basis-100 align-self-lg-start align-self-md-start align-self-start\">\n                          <!---->\n                          <div data-colibri-id=\"3116-c29\" class=\"h-global-transition-all h-heading style-1446 style-local-3116-c29 position-relative h-element\">\n                            <!---->\n                            <div class=\"h-heading__outer style-1446 style-local-3116-c29\">\n                              <!---->\n                              <!---->\n                              <h5 class=\"\">Annonces<\/h5>\n                            <\/div>\n                          <\/div>\n                          <div data-colibri-id=\"3116-c30\" class=\"h-text h-text-component style-1447 style-local-3116-c30 position-relative h-element\">\n                            <!---->\n                            <!---->\n                            <div class=\"\">\n                              <p>Toutes nos annonces rappellent que <strong>HOLY<\/strong> est notre partenaire principal !<\/p>\n                            <\/div>\n                          <\/div>\n                        <\/div>\n                      <\/div>\n                    <\/div>\n                    <div class=\"h-column h-column-container d-flex h-col-lg-6 h-col-md-6 h-col-6 style-1445-outer style-local-3116-c31-outer\">\n                      <div data-colibri-id=\"3116-c31\" class=\"d-flex h-flex-basis h-column__inner h-px-lg-0 h-px-md-0 h-px-0 v-inner-lg-0 v-inner-md-0 v-inner-0 style-1445 style-local-3116-c31 position-relative\">\n                        <!---->\n                        <!---->\n                        <div class=\"w-100 h-y-container h-column__content h-column__v-align flex-basis-100 align-self-lg-start align-self-md-start align-self-start\">\n                          <!---->\n                          <div data-colibri-id=\"3116-c32\" class=\"h-global-transition-all h-heading style-1446 style-local-3116-c32 position-relative h-element\">\n                            <!---->\n                            <div class=\"h-heading__outer style-1446 style-local-3116-c32\">\n                              <!---->\n                              <!---->\n                              <h5 class=\"\">Lives et \u00e9missions en direct<\/h5>\n                            <\/div>\n                          <\/div>\n                          <div data-colibri-id=\"3116-c33\" class=\"h-text h-text-component style-1447 style-local-3116-c33 position-relative h-element\">\n                            <!---->\n                            <!---->\n                            <div class=\"\">\n                              <p>Tous nos lives et \u00e9missions sont l&rsquo;occasion de mettre en avant la marque <strong>HOLY<\/strong> et de pr\u00e9senter ses nouveaut\u00e9s.<\/p>\n                            <\/div>\n                          <\/div>\n                        <\/div>\n                      <\/div>\n                    <\/div>\n                    <div class=\"h-column h-column-container d-flex h-col-lg-6 h-col-md-6 h-col-6 style-1445-outer style-local-3116-c34-outer\">\n                      <div data-colibri-id=\"3116-c34\" class=\"d-flex h-flex-basis h-column__inner h-px-lg-0 h-px-md-0 h-px-0 v-inner-lg-0 v-inner-md-0 v-inner-0 style-1445 style-local-3116-c34 position-relative\">\n                        <!---->\n                        <!---->\n                        <div class=\"w-100 h-y-container h-column__content h-column__v-align flex-basis-100 align-self-lg-start align-self-md-start align-self-start\">\n                          <!---->\n                          <div data-colibri-id=\"3116-c35\" class=\"h-global-transition-all h-heading style-1446 style-local-3116-c35 position-relative h-element\">\n                            <!---->\n                            <div class=\"h-heading__outer style-1446 style-local-3116-c35\">\n                              <!---->\n                              <!---->\n                              <h5 class=\"\">Toujours avec nous<\/h5>\n                            <\/div>\n                          <\/div>\n                          <div data-colibri-id=\"3116-c36\" class=\"h-text h-text-component style-1447 style-local-3116-c36 position-relative h-element\">\n                            <!---->\n                            <!---->\n                            <div class=\"\">\n                              <p>Peu importe le projet ou l&rsquo;id\u00e9e, nous nous effor\u00e7ons toujours d&rsquo;y int\u00e9grer une occasion de mettre en avant <strong>HOLY<\/strong>.<\/p>\n                            <\/div>\n                          <\/div>\n                        <\/div>\n                      <\/div>\n                    <\/div>\n                  <\/div>\n                <\/div>\n              <\/div>\n            <\/div>\n          <\/div>\n          <div class=\"h-column h-column-container d-flex h-col-lg-auto h-col-md-auto h-col-auto style-1448-outer style-local-3116-c37-outer\">\n            <div data-colibri-id=\"3116-c37\" class=\"d-flex h-flex-basis h-column__inner h-ui-empty-state-container h-px-lg-0 h-px-md-0 h-px-0 v-inner-lg-0 v-inner-md-0 v-inner-0 style-1448 style-local-3116-c37 position-relative\">\n              <!---->\n              <!---->\n              <div class=\"w-100 h-y-container h-column__content h-column__v-align flex-basis-100\">\n                <!---->\n              <\/div>\n            <\/div>\n          <\/div>\n        <\/div>\n      <\/div>\n    <\/div>\n  <\/div>\n<\/div>","protected":false},"excerpt":{"rendered":"<p>Notre partenaire principal depuis 2023 ! HOLY nous accompagne depuis bient\u00f4t 2 ans !&nbsp; En 2023, simple partenaire d&rsquo;affiliation, ils nous ont fait confiance et nous ont sponsoris\u00e9 sur l&rsquo;ann\u00e9e 2024 et 2025 lors de notre arriv\u00e9e en division 1 du Benelux. C&rsquo;est en grande partie gr\u00e2ce \u00e0 eux que nous avons pu proposer des [&hellip;]<\/p>\n","protected":false},"author":1,"featured_media":0,"parent":0,"menu_order":0,"comment_status":"closed","ping_status":"closed","template":"page-templates\/full-width-page.php","meta":{"_uag_custom_page_level_css":"","_themeisle_gutenberg_block_has_review":false,"footnotes":""},"class_list":["post-3116","page","type-page","status-publish","hentry"],"uagb_featured_image_src":{"full":false,"thumbnail":false,"medium":false,"medium_large":false,"large":false,"1536x1536":false,"2048x2048":false},"uagb_author_info":{"display_name":"Kissah","author_link":"https:\/\/www.onceuponateam.be\/?author=1"},"uagb_comment_info":0,"uagb_excerpt":"Notre partenaire principal depuis 2023 ! HOLY nous accompagne depuis bient\u00f4t 2 ans !&nbsp; En 2023, simple partenaire d&rsquo;affiliation, ils nous ont fait confiance et nous ont sponsoris\u00e9 sur l&rsquo;ann\u00e9e 2024 et 2025 lors de notre arriv\u00e9e en division 1 du Benelux. C&rsquo;est en grande partie gr\u00e2ce \u00e0 eux que nous avons pu proposer des\u2026","_links":{"self":[{"href":"https:\/\/www.onceuponateam.be\/index.php?rest_route=\/wp\/v2\/pages\/3116","targetHints":{"allow":["GET"]}}],"collection":[{"href":"https:\/\/www.onceuponateam.be\/index.php?rest_route=\/wp\/v2\/pages"}],"about":[{"href":"https:\/\/www.onceuponateam.be\/index.php?rest_route=\/wp\/v2\/types\/page"}],"author":[{"embeddable":true,"href":"https:\/\/www.onceuponateam.be\/index.php?rest_route=\/wp\/v2\/users\/1"}],"replies":[{"embeddable":true,"href":"https:\/\/www.onceuponateam.be\/index.php?rest_route=%2Fwp%2Fv2%2Fcomments&post=3116"}],"version-history":[{"count":13,"href":"https:\/\/www.onceuponateam.be\/index.php?rest_route=\/wp\/v2\/pages\/3116\/revisions"}],"predecessor-version":[{"id":4971,"href":"https:\/\/www.onceuponateam.be\/index.php?rest_route=\/wp\/v2\/pages\/3116\/revisions\/4971"}],"wp:attachment":[{"href":"https:\/\/www.onceuponateam.be\/index.php?rest_route=%2Fwp%2Fv2%2Fmedia&parent=3116"}],"curies":[{"name":"wp","href":"https:\/\/api.w.org\/{rel}","templated":true}]}}